{"id":17,"date":"2014-01-18T20:55:19","date_gmt":"2014-01-18T19:55:19","guid":{"rendered":"http:\/\/seproab.se\/wp\/?page_id=17"},"modified":"2024-07-31T12:37:31","modified_gmt":"2024-07-31T10:37:31","slug":"about-us","status":"publish","type":"page","link":"https:\/\/seproab.se\/wp\/?page_id=17","title":{"rendered":"About Us"},"content":{"rendered":"<p>Sepro was founded in 2006 as a spin out from the swedish branch of Bosch Industrial products. The mission was to offer electric control systems intended for electric control of mechanical systems. Initially, the head office was situated in V\u00e4xj\u00f6 while R&amp;D department was located in Link\u00f6ping, Sweden.<\/p>\n<p><img loading=\"lazy\" decoding=\"async\" class=\"aligncenter\" src=\"https:\/\/seproab.se\/wp\/wp-content\/uploads\/2014\/01\/sepro-huset.jpg\" width=\"372\" height=\"243\" \/><\/p>\n<p>Apart from the standard range of control systems, we develop customized control systems to fit our customers needs. It is important to us that our customers always receive the best solution possible.<\/p>\n<p>Our aim is to maintain good relations with our customers and suppliers and therefore we always keep our communication clear and sincere. Sepro strives to ensure long-term business relations, something we believe is achievable as long as we maintain our high quality products, availability to our clients and fast service.<\/p>\n<p>In 2021 our operations moved to Solna, just outside Stockholm.<\/p>\n<p><a href=\"https:\/\/seproab.se\/wp\/wp-content\/uploads\/2024\/07\/SeproOffice-scaled.jpg\"><img loading=\"lazy\" decoding=\"async\" class=\"size-medium wp-image-121 aligncenter\" src=\"https:\/\/seproab.se\/wp\/wp-content\/uploads\/2024\/07\/SeproOffice-300x213.jpg\" alt=\"\" width=\"300\" height=\"213\" srcset=\"https:\/\/seproab.se\/wp\/wp-content\/uploads\/2024\/07\/SeproOffice-300x213.jpg 300w, https:\/\/seproab.se\/wp\/wp-content\/uploads\/2024\/07\/SeproOffice-1024x727.jpg 1024w, https:\/\/seproab.se\/wp\/wp-content\/uploads\/2024\/07\/SeproOffice-768x545.jpg 768w, https:\/\/seproab.se\/wp\/wp-content\/uploads\/2024\/07\/SeproOffice-1536x1090.jpg 1536w, https:\/\/seproab.se\/wp\/wp-content\/uploads\/2024\/07\/SeproOffice-2048x1454.jpg 2048w\" sizes=\"auto, (max-width: 300px) 100vw, 300px\" \/><\/a><\/p>\n\n\n<p>Find out how we can help you with your next mechatronics project.<\/p>\n\n\n\n<p><strong>Sepro AB<\/strong><br>Greta Garbos v\u00e4g 11<br>16940 Solna<br>SWEDEN<\/p>\n\n\n\n<p>info(at)seproab.se<\/p>\n\n\n\n<p><\/p>\n","protected":false},"excerpt":{"rendered":"<p>Sepro was founded in 2006 as a spin out from the swedish branch of Bosch Industrial products. The mission was to offer electric control systems intended for electric control of mechanical systems. Initially, the head office was situated in V\u00e4xj\u00f6 while R&amp;D department was located in Link\u00f6ping, Sweden. Apart from the standard range of control [&hellip;]<\/p>\n","protected":false},"author":2,"featured_media":0,"parent":0,"menu_order":0,"comment_status":"closed","ping_status":"open","template":"","meta":{"footnotes":""},"class_list":["post-17","page","type-page","status-publish","hentry"],"_links":{"self":[{"href":"https:\/\/seproab.se\/wp\/index.php?rest_route=\/wp\/v2\/pages\/17","targetHints":{"allow":["GET"]}}],"collection":[{"href":"https:\/\/seproab.se\/wp\/index.php?rest_route=\/wp\/v2\/pages"}],"about":[{"href":"https:\/\/seproab.se\/wp\/index.php?rest_route=\/wp\/v2\/types\/page"}],"author":[{"embeddable":true,"href":"https:\/\/seproab.se\/wp\/index.php?rest_route=\/wp\/v2\/users\/2"}],"replies":[{"embeddable":true,"href":"https:\/\/seproab.se\/wp\/index.php?rest_route=%2Fwp%2Fv2%2Fcomments&post=17"}],"version-history":[{"count":12,"href":"https:\/\/seproab.se\/wp\/index.php?rest_route=\/wp\/v2\/pages\/17\/revisions"}],"predecessor-version":[{"id":175,"href":"https:\/\/seproab.se\/wp\/index.php?rest_route=\/wp\/v2\/pages\/17\/revisions\/175"}],"wp:attachment":[{"href":"https:\/\/seproab.se\/wp\/index.php?rest_route=%2Fwp%2Fv2%2Fmedia&parent=17"}],"curies":[{"name":"wp","href":"https:\/\/api.w.org\/{rel}","templated":true}]}}