{"id":29,"date":"2014-01-18T21:05:52","date_gmt":"2014-01-18T20:05:52","guid":{"rendered":"http:\/\/seproab.se\/wp\/?page_id=29"},"modified":"2024-07-22T16:17:45","modified_gmt":"2024-07-22T15:17:45","slug":"product-matrix","status":"publish","type":"page","link":"https:\/\/seproab.se\/wp\/?page_id=29","title":{"rendered":"Function Matrix"},"content":{"rendered":"\n<figure class=\"wp-block-table\"><table class=\"has-fixed-layout\"><tbody><tr><td>&nbsp;<\/td><td>TYP1<\/td><td>TYP2<\/td><td>TYP3<\/td><td>TYP4<\/td><td>SD1<\/td><\/tr><tr><td><strong>Supply Voltage:<\/strong><\/td><td>&nbsp;<\/td><td>&nbsp;<\/td><td>&nbsp;<\/td><td>&nbsp;<\/td><td>&nbsp;<\/td><\/tr><tr><td>12 Volt<\/td><td>x<\/td><td>x(1)<\/td><td>&nbsp;<\/td><td>x<\/td><td>x<\/td><\/tr><tr><td>24 Volt<\/td><td>x<\/td><td>x(1)<\/td><td>x<\/td><td>x<\/td><td>x<\/td><\/tr><tr><td>&nbsp;<\/td><td>&nbsp;<\/td><td>&nbsp;<\/td><td>&nbsp;<\/td><td>&nbsp;<\/td><td>&nbsp;<\/td><\/tr><tr><td><strong>Current Limits:<\/strong><\/td><td>&nbsp;<\/td><td>&nbsp;<\/td><td>&nbsp;<\/td><td>&nbsp;<\/td><td>&nbsp;<\/td><\/tr><tr><td>Adjustable<\/td><td>x<\/td><td>&nbsp;<\/td><td>&nbsp;<\/td><td>&nbsp;<\/td><td>x<\/td><\/tr><tr><td>Adjustable in each direction<\/td><td>&nbsp;<\/td><td>x<\/td><td>x<\/td><td>x<\/td><td>&nbsp;<\/td><\/tr><tr><td>&nbsp;<\/td><td>&nbsp;<\/td><td>&nbsp;<\/td><td>&nbsp;<\/td><td>&nbsp;<\/td><td>&nbsp;<\/td><\/tr><tr><td><strong>Drive Properties:<\/strong><\/td><td>&nbsp;<\/td><td>&nbsp;<\/td><td>&nbsp;<\/td><td>&nbsp;<\/td><td>&nbsp;<\/td><\/tr><tr><td>Directions<\/td><td>2<\/td><td>2<\/td><td>2<\/td><td>2<\/td><td>2<\/td><\/tr><tr><td>Soft Start\/Stop<\/td><td>&nbsp;<\/td><td>&nbsp;<\/td><td>x<\/td><td>x<\/td><td>x<\/td><\/tr><tr><td>&nbsp;<\/td><td>&nbsp;<\/td><td>&nbsp;<\/td><td>&nbsp;<\/td><td>&nbsp;<\/td><td>&nbsp;<\/td><\/tr><tr><td><strong>Control Signals<\/strong><\/td><td>&nbsp;<\/td><td>&nbsp;<\/td><td>&nbsp;<\/td><td>&nbsp;<\/td><td>&nbsp;<\/td><\/tr><tr><td>PWM<\/td><td>&nbsp;<\/td><td>&nbsp;<\/td><td>&nbsp;<\/td><td>x<\/td><td>&nbsp;<\/td><\/tr><tr><td>0-5V<\/td><td>&nbsp;<\/td><td>&nbsp;<\/td><td>x<\/td><td>x<\/td><td>&nbsp;<\/td><\/tr><tr><td>4-20mA<\/td><td>&nbsp;<\/td><td>&nbsp;<\/td><td>&nbsp;<\/td><td>x<\/td><td>&nbsp;<\/td><\/tr><tr><td>Digital Control<\/td><td>x<\/td><td>x<\/td><td>x<\/td><td>&nbsp;<\/td><td>x<\/td><\/tr><tr><td>Analog Control (pot\/joy)<\/td><td>&nbsp;<\/td><td>&nbsp;<\/td><td>x<\/td><td>x<\/td><td>&nbsp;<\/td><\/tr><tr><td>&nbsp;<\/td><td>&nbsp;<\/td><td>&nbsp;<\/td><td>&nbsp;<\/td><td>&nbsp;<\/td><td>&nbsp;<\/td><\/tr><tr><td><strong>Input Signals:<\/strong><\/td><td>&nbsp;<\/td><td>&nbsp;<\/td><td>&nbsp;<\/td><td>&nbsp;<\/td><td>&nbsp;<\/td><\/tr><tr><td>Limit Switches<\/td><td>&nbsp;<\/td><td>&nbsp;<\/td><td>x<\/td><td>x(3)<\/td><td>x<\/td><\/tr><tr><td>Encoder Input<\/td><td>&nbsp;<\/td><td>&nbsp;<\/td><td>&nbsp;<\/td><td>x(3)<\/td><td>&nbsp;<\/td><\/tr><tr><td>Analog Reference (0-5v)<\/td><td>&nbsp;<\/td><td>&nbsp;<\/td><td>&nbsp;<\/td><td>x<\/td><td>&nbsp;<\/td><\/tr><tr><td>&nbsp;<\/td><td>&nbsp;<\/td><td>&nbsp;<\/td><td>&nbsp;<\/td><td>&nbsp;<\/td><td>&nbsp;<\/td><\/tr><tr><td><strong>Utsignaler:<\/strong><\/td><td>&nbsp;<\/td><td>&nbsp;<\/td><td>&nbsp;<\/td><td>&nbsp;<\/td><td>&nbsp;<\/td><\/tr><tr><td>Brake control signal (relay)<\/td><td>&nbsp;<\/td><td>&nbsp;<\/td><td>&nbsp;<\/td><td>x<\/td><td>&nbsp;<\/td><\/tr><tr><td>Over Current Indication<\/td><td>&nbsp;<\/td><td>&nbsp;<\/td><td>x<\/td><td>x<\/td><td>&nbsp;<\/td><\/tr><tr><td>&nbsp;<\/td><td>&nbsp;<\/td><td>&nbsp;<\/td><td>&nbsp;<\/td><td>&nbsp;<\/td><td>&nbsp;<\/td><\/tr><tr><td><strong>Misc:<\/strong><\/td><td>&nbsp;<\/td><td>&nbsp;<\/td><td>&nbsp;<\/td><td>&nbsp;<\/td><td>&nbsp;<\/td><\/tr><tr><td>Motor poles are short cut when under voltage or supply is turned off<\/td><td>x<\/td><td>x<\/td><td>x<\/td><td>x(2)<\/td><td>&nbsp;<\/td><\/tr><tr><td>Parallel control (requires one controller for each motor)<\/td><td>&nbsp;<\/td><td>&nbsp;<\/td><td>&nbsp;<\/td><td>x<\/td><td>&nbsp;<\/td><\/tr><\/tbody><\/table><\/figure>\n\n\n\n<p>(1) Olika artikelnummer f\u00f6r 12 resp. 24V<\/p>\n\n\n\n<p>(2) Utg\u00e5ng f\u00f6r broms kan anv\u00e4ndas f\u00f6r att styra externt rel\u00e4<\/p>\n\n\n\n<p>(3) Val mellan encoder eller \u00e4ndl\u00e4gesgivare g\u00f6rs i mjukvara<\/p>\n\n\n\n<p><\/p>\n","protected":false},"excerpt":{"rendered":"<p>&nbsp; TYP1 TYP2 TYP3 TYP4 SD1 Supply Voltage: &nbsp; &nbsp; &nbsp; &nbsp; &nbsp; 12 Volt x x(1) &nbsp; x x 24 Volt x x(1) x x x &nbsp; &nbsp; &nbsp; &nbsp; &nbsp; &nbsp; Current Limits: &nbsp; &nbsp; &nbsp; &nbsp; &nbsp; Adjustable x &nbsp; &nbsp; &nbsp; x Adjustable in each direction &nbsp; x x x &nbsp; [&hellip;]<\/p>\n","protected":false},"author":2,"featured_media":0,"parent":0,"menu_order":0,"comment_status":"closed","ping_status":"open","template":"","meta":{"footnotes":""},"class_list":["post-29","page","type-page","status-publish","hentry"],"_links":{"self":[{"href":"https:\/\/seproab.se\/wp\/index.php?rest_route=\/wp\/v2\/pages\/29","targetHints":{"allow":["GET"]}}],"collection":[{"href":"https:\/\/seproab.se\/wp\/index.php?rest_route=\/wp\/v2\/pages"}],"about":[{"href":"https:\/\/seproab.se\/wp\/index.php?rest_route=\/wp\/v2\/types\/page"}],"author":[{"embeddable":true,"href":"https:\/\/seproab.se\/wp\/index.php?rest_route=\/wp\/v2\/users\/2"}],"replies":[{"embeddable":true,"href":"https:\/\/seproab.se\/wp\/index.php?rest_route=%2Fwp%2Fv2%2Fcomments&post=29"}],"version-history":[{"count":4,"href":"https:\/\/seproab.se\/wp\/index.php?rest_route=\/wp\/v2\/pages\/29\/revisions"}],"predecessor-version":[{"id":127,"href":"https:\/\/seproab.se\/wp\/index.php?rest_route=\/wp\/v2\/pages\/29\/revisions\/127"}],"wp:attachment":[{"href":"https:\/\/seproab.se\/wp\/index.php?rest_route=%2Fwp%2Fv2%2Fmedia&parent=29"}],"curies":[{"name":"wp","href":"https:\/\/api.w.org\/{rel}","templated":true}]}}